{"id":7187,"date":"2021-04-14T21:07:16","date_gmt":"2021-04-14T19:07:16","guid":{"rendered":"https:\/\/medicallid.com\/?post_type=product&#038;p=7187"},"modified":"2021-07-07T10:28:37","modified_gmt":"2021-07-07T08:28:37","slug":"inky-tag-a-fun-and-creative-stamp-to-mark-all-your-childrens-clothes-and-accessories","status":"publish","type":"product","link":"https:\/\/medicallid.com\/it\/prodotto\/inky-tag-a-fun-and-creative-stamp-to-mark-all-your-childrens-clothes-and-accessories\/","title":{"rendered":"INKY TAG - un timbro divertente e creativo per marcare tutti i vestiti e gli accessori dei vostri bambini"},"content":{"rendered":"<h2><img decoding=\"async\" loading=\"lazy\" class=\"aligncenter size-full wp-image-7192\" src=\"https:\/\/medicallid.com\/wp-content\/uploads\/2021\/04\/INKY-HEADER.jpg\" alt=\"\" width=\"1701\" height=\"935\" srcset=\"https:\/\/medicallid.com\/wp-content\/uploads\/2021\/04\/INKY-HEADER.jpg 1701w, https:\/\/medicallid.com\/wp-content\/uploads\/2021\/04\/INKY-HEADER-300x165.jpg 300w, https:\/\/medicallid.com\/wp-content\/uploads\/2021\/04\/INKY-HEADER-768x422.jpg 768w, https:\/\/medicallid.com\/wp-content\/uploads\/2021\/04\/INKY-HEADER-1024x563.jpg 1024w, https:\/\/medicallid.com\/wp-content\/uploads\/2021\/04\/INKY-HEADER-16x9.jpg 16w, https:\/\/medicallid.com\/wp-content\/uploads\/2021\/04\/INKY-HEADER-500x275.jpg 500w\" sizes=\"(max-width: 1701px) 100vw, 1701px\" \/><\/h2>\n<h2>TIMBRO INKY TAG - ETICHETTA TUTTE LE TUE COSE.<\/h2>\n<p><strong>Non perdere altri vestiti o altre cose - segnali con il timbro INKY TAG.<\/strong><\/p>\n<p>INKY TAG sono una marca di timbri creativi per bambini. Ti permettono di esprimere il tuo stile in modo unico e allo stesso tempo etichettare i tuoi vestiti, accessori, materiale scolastico, libri e quaderni. Grazie a INKY TAG, le tue cose saranno davvero tue.<\/p>\n<p><strong>SOLUZIONE CREATIVA PER PERDERE I VESTITI\u00a0<\/strong><\/p>\n<p>I bambini piccoli spesso perdono i loro vestiti all'asilo nido, alla scuola materna o al parco giochi. Questo perch\u00e9 spesso non sono in grado di riconoscerli. Grazie al timbro INKY TAG, darai al tuo bambino la possibilit\u00e0 di creare il suo segno personalizzato che gli permetter\u00e0 di ritrovare rapidamente i suoi oggetti. Il timbro permette di mettere qualsiasi dato sui vestiti, come nome, cognome, classe, numero di telefono del genitore o e-mail. D'ora in poi, tutti i vestiti di tuo figlio saranno facili da riconoscere!!!<\/p>\n<p>LOGO PER IL TUO BAMBINO<\/p>\n<p>Ogni bambino sceglie il proprio distintivo o immagine con cui vuole contrassegnare le proprie cose. Abbiamo creato una lista di loghi per bambini di diverse et\u00e0 - si possono trovare qui sotto nella descrizione. Basta selezionare un'immagine, aggiungere il proprio nome e cognome e il gioco \u00e8 fatto!<\/p>\n<p><img decoding=\"async\" loading=\"lazy\" class=\"aligncenter size-full wp-image-7195\" src=\"https:\/\/medicallid.com\/wp-content\/uploads\/2021\/04\/Inky-tag-images-toys.jpg\" alt=\"\" width=\"2048\" height=\"1334\" srcset=\"https:\/\/medicallid.com\/wp-content\/uploads\/2021\/04\/Inky-tag-images-toys.jpg 2048w, https:\/\/medicallid.com\/wp-content\/uploads\/2021\/04\/Inky-tag-images-toys-300x195.jpg 300w, https:\/\/medicallid.com\/wp-content\/uploads\/2021\/04\/Inky-tag-images-toys-768x500.jpg 768w, https:\/\/medicallid.com\/wp-content\/uploads\/2021\/04\/Inky-tag-images-toys-1024x667.jpg 1024w, https:\/\/medicallid.com\/wp-content\/uploads\/2021\/04\/Inky-tag-images-toys-16x10.jpg 16w, https:\/\/medicallid.com\/wp-content\/uploads\/2021\/04\/Inky-tag-images-toys-500x326.jpg 500w\" sizes=\"(max-width: 2048px) 100vw, 2048px\" \/><\/p>\n<p><img decoding=\"async\" loading=\"lazy\" class=\"aligncenter size-full wp-image-7194\" src=\"https:\/\/medicallid.com\/wp-content\/uploads\/2021\/04\/Inky-tag-images-superheroes.jpg\" alt=\"\" width=\"2048\" height=\"1440\" srcset=\"https:\/\/medicallid.com\/wp-content\/uploads\/2021\/04\/Inky-tag-images-superheroes.jpg 2048w, https:\/\/medicallid.com\/wp-content\/uploads\/2021\/04\/Inky-tag-images-superheroes-300x211.jpg 300w, https:\/\/medicallid.com\/wp-content\/uploads\/2021\/04\/Inky-tag-images-superheroes-768x540.jpg 768w, https:\/\/medicallid.com\/wp-content\/uploads\/2021\/04\/Inky-tag-images-superheroes-1024x720.jpg 1024w, https:\/\/medicallid.com\/wp-content\/uploads\/2021\/04\/Inky-tag-images-superheroes-16x12.jpg 16w, https:\/\/medicallid.com\/wp-content\/uploads\/2021\/04\/Inky-tag-images-superheroes-500x352.jpg 500w\" sizes=\"(max-width: 2048px) 100vw, 2048px\" \/><\/p>\n<p><img decoding=\"async\" loading=\"lazy\" class=\"aligncenter size-full wp-image-7196\" src=\"https:\/\/medicallid.com\/wp-content\/uploads\/2021\/04\/Inky-tag-images-power.jpg\" alt=\"\" width=\"2048\" height=\"1325\" srcset=\"https:\/\/medicallid.com\/wp-content\/uploads\/2021\/04\/Inky-tag-images-power.jpg 2048w, https:\/\/medicallid.com\/wp-content\/uploads\/2021\/04\/Inky-tag-images-power-300x194.jpg 300w, https:\/\/medicallid.com\/wp-content\/uploads\/2021\/04\/Inky-tag-images-power-768x497.jpg 768w, https:\/\/medicallid.com\/wp-content\/uploads\/2021\/04\/Inky-tag-images-power-1024x663.jpg 1024w, https:\/\/medicallid.com\/wp-content\/uploads\/2021\/04\/Inky-tag-images-power-16x10.jpg 16w, https:\/\/medicallid.com\/wp-content\/uploads\/2021\/04\/Inky-tag-images-power-500x324.jpg 500w\" sizes=\"(max-width: 2048px) 100vw, 2048px\" \/>PRONTO ALL'USO!<\/p>\n<p>Il timbro INKY TAG \u00e8 molto facile da usare: basta metterlo sui vestiti e premere il timbro e l'immagine verr\u00e0 stampata.<\/p>\n<p>INCHIOSTRO SPECIALE PER TESSUTI<\/p>\n<p>Il timbro contiene un inchiostro speciale per i vestiti che non macchia i tessuti marcati. Inoltre, pu\u00f2 essere usato per marcare libri e quaderni, accessori e altro. Ogni oggetto contrassegnato diventa pi\u00f9 personale e prezioso per il bambino.<\/p>\n<p><img decoding=\"async\" loading=\"lazy\" class=\"aligncenter size-full wp-image-7193\" src=\"https:\/\/medicallid.com\/wp-content\/uploads\/2021\/04\/mark.jpg\" alt=\"\" width=\"1377\" height=\"449\" srcset=\"https:\/\/medicallid.com\/wp-content\/uploads\/2021\/04\/mark.jpg 1377w, https:\/\/medicallid.com\/wp-content\/uploads\/2021\/04\/mark-300x98.jpg 300w, https:\/\/medicallid.com\/wp-content\/uploads\/2021\/04\/mark-768x250.jpg 768w, https:\/\/medicallid.com\/wp-content\/uploads\/2021\/04\/mark-1024x334.jpg 1024w, https:\/\/medicallid.com\/wp-content\/uploads\/2021\/04\/mark-16x5.jpg 16w, https:\/\/medicallid.com\/wp-content\/uploads\/2021\/04\/mark-500x163.jpg 500w\" sizes=\"(max-width: 1377px) 100vw, 1377px\" \/>PER ABITI CHIARI E SCURI<\/p>\n<p>Per i vestiti scuri, si usa un nastro speciale, che viene premuto all'interno dei vestiti e la marcatura apparir\u00e0 su questo nastro. Il nastro \u00e8 incluso.<\/p>\n<p>&nbsp;<\/p>\n<p>SUPER FOTO PER BAMBINI DI DIVERSE ET\u00c0<\/p>\n<p>Pensando ai bambini in diverse fasce d'et\u00e0, abbiamo creato una lista di immagini che si adattano agli interessi dei bambini.<\/p>","protected":false},"excerpt":{"rendered":"<h4>Il timbro INKY TAG \u00e8 un timbro appositamente progettato con il vostro logo e nome. Grazie ad esso non perderete nessun vestito, sia a scuola o all'asilo, nei campi estivi o durante le attivit\u00e0 sportive. INKY TAG \u00e8 usato per l'etichettatura durevole e molto estetica con il tuo nome e cognome su vestiti, accessori cos\u00ec come libri, quaderni, zaini, astucci e altre cose che appartengono al tuo bambino. Il timbro \u00e8 pronto all'uso - non c'\u00e8 bisogno di mettere il testo sulla targhetta. Gli accessori speciali permettono un uso universale: il nastro per i vestiti scuri permette di usarlo sulle superfici pi\u00f9 scure.<\/h4>\n<p>Scegli la tua immagine, digita il nome del tuo bambino e il gioco \u00e8 fatto! Se vuoi aggiungere il tuo numero di telefono o l'indirizzo e-mail sul francobollo, scrivi anche quello.<\/p>","protected":false},"featured_media":6871,"comment_status":"open","ping_status":"closed","template":"","meta":[],"product_cat":[126,160],"product_tag":[],"_links":{"self":[{"href":"https:\/\/medicallid.com\/it\/wp-json\/wp\/v2\/product\/7187"}],"collection":[{"href":"https:\/\/medicallid.com\/it\/wp-json\/wp\/v2\/product"}],"about":[{"href":"https:\/\/medicallid.com\/it\/wp-json\/wp\/v2\/types\/product"}],"replies":[{"embeddable":true,"href":"https:\/\/medicallid.com\/it\/wp-json\/wp\/v2\/comments?post=7187"}],"wp:featuredmedia":[{"embeddable":true,"href":"https:\/\/medicallid.com\/it\/wp-json\/wp\/v2\/media\/6871"}],"wp:attachment":[{"href":"https:\/\/medicallid.com\/it\/wp-json\/wp\/v2\/media?parent=7187"}],"wp:term":[{"taxonomy":"product_cat","embeddable":true,"href":"https:\/\/medicallid.com\/it\/wp-json\/wp\/v2\/product_cat?post=7187"},{"taxonomy":"product_tag","embeddable":true,"href":"https:\/\/medicallid.com\/it\/wp-json\/wp\/v2\/product_tag?post=7187"}],"curies":[{"name":"wp","href":"https:\/\/api.w.org\/{rel}","templated":true}]}}