{"id":409,"date":"2018-08-23T15:27:20","date_gmt":"2018-08-23T13:27:20","guid":{"rendered":"http:\/\/opaski.drwordpress.atthost24.pl\/?post_type=product&#038;p=409"},"modified":"2025-07-17T17:39:19","modified_gmt":"2025-07-17T15:39:19","slug":"safekidwristband","status":"publish","type":"product","link":"https:\/\/medicallid.com\/it\/prodotto\/braccialetto-safekid\/","title":{"rendered":"SafeKid ID - braccialetto identificativo incidibile in puro silicone per bambini"},"content":{"rendered":"<div class=\"vc_row wpb_row vc_row-fluid\"><div class=\"wpb_column vc_column_container vc_col-sm-12\"><div class=\"vc_column-inner\"><div class=\"wpb_wrapper\">\n\t<div class=\"wpb_text_column wpb_content_element\" >\n\t\t<div class=\"wpb_wrapper\">\n\t\t\t<p><img decoding=\"async\" loading=\"lazy\" class=\"aligncenter size-full wp-image-1896\" src=\"https:\/\/medicallid.com\/wp-content\/uploads\/2018\/07\/safekid-logo.png\" alt=\"\" width=\"506\" height=\"255\" srcset=\"https:\/\/medicallid.com\/wp-content\/uploads\/2018\/07\/safekid-logo.png 506w, https:\/\/medicallid.com\/wp-content\/uploads\/2018\/07\/safekid-logo-300x151.png 300w, https:\/\/medicallid.com\/wp-content\/uploads\/2018\/07\/safekid-logo-200x101.png 200w, https:\/\/medicallid.com\/wp-content\/uploads\/2018\/07\/safekid-logo-400x202.png 400w, https:\/\/medicallid.com\/wp-content\/uploads\/2018\/07\/safekid-logo-500x252.png 500w\" sizes=\"(max-width: 506px) 100vw, 506px\" \/><\/p>\n<p>Braccialetti identificativi SafeKid per giovani scopritori.<\/p>\n<p><img decoding=\"async\" loading=\"lazy\" class=\"aligncenter size-full wp-image-1897\" src=\"https:\/\/medicallid.com\/wp-content\/uploads\/2018\/07\/safekid1.jpg\" alt=\"\" width=\"1920\" height=\"1000\" \/><\/p>\n<p>Con il braccialetto SafeKid ID avete 4 righe di testo a vostra disposizione. Si prega di notare che pi\u00f9 caratteri ci sono, pi\u00f9 piccolo \u00e8 il carattere.<\/p>\n<p><strong>Quali dati si possono incidere?<\/strong><\/p>\n<ul>\n<li>uno o due numeri di telefono, per esempio MUM: 555 555 5555 DAD 777 777 7777<\/li>\n<li>il nome del tuo bambino \/ il gruppo sanguigno \/ informazioni mediche come asma, allergia, autismo, diabete ecc.<\/li>\n<\/ul>\n<p>&nbsp;<\/p>\n<p><img decoding=\"async\" loading=\"lazy\" class=\"aligncenter size-full wp-image-7955\" src=\"https:\/\/niezgubki.pl\/wp-content\/uploads\/2020\/09\/Back-to-school_najnowsza-RGB.jpg\" sizes=\"(max-width: 2048px) 100vw, 2048px\" srcset=\"https:\/\/niezgubki.pl\/wp-content\/uploads\/2020\/09\/Back-to-school_najnowsza-RGB.jpg 2048w, https:\/\/niezgubki.pl\/wp-content\/uploads\/2020\/09\/Back-to-school_najnowsza-RGB-300x212.jpg 300w, https:\/\/niezgubki.pl\/wp-content\/uploads\/2020\/09\/Back-to-school_najnowsza-RGB-768x543.jpg 768w, https:\/\/niezgubki.pl\/wp-content\/uploads\/2020\/09\/Back-to-school_najnowsza-RGB-1024x724.jpg 1024w, https:\/\/niezgubki.pl\/wp-content\/uploads\/2020\/09\/Back-to-school_najnowsza-RGB-500x353.jpg 500w\" alt=\"ORYGINALNE NIEZGUBKI ICE - RITORNO A SCUOLA 2020\" width=\"2048\" height=\"1448\" \/><\/p>\n\n\t\t<\/div>\n\t<\/div>\n<\/div><\/div><\/div><\/div>","protected":false},"excerpt":{"rendered":"<h2><strong>Braccialetti ID originali SafeKid<\/strong><\/h2>\n<p>I contatti e i dati medici pi\u00f9 importanti sul polso di tuo figlio.<\/p>\n<p>Misure disponibili:<\/p>\n<p>XXS \/ Mini (14 cm)<\/p>\n<p>XS \/ Preschool (15 cm)<\/p>\n<p>S \/ Junior (16,5 cm)<\/p>\n<p>Assicurati di misurare il polso del tuo bambino prima di ordinare. Considera anche che il polsino dovrebbe essere circa 1 cm pi\u00f9 grande in modo che non sia troppo stretto.<\/p>\n<p>Qui sotto trovate un modulo in cui dovreste digitare le informazioni che vorreste che incidessimo con il laser.<\/p>","protected":false},"featured_media":6878,"comment_status":"closed","ping_status":"closed","template":"","meta":[],"product_cat":[160,32],"product_tag":[155],"_links":{"self":[{"href":"https:\/\/medicallid.com\/it\/wp-json\/wp\/v2\/product\/409"}],"collection":[{"href":"https:\/\/medicallid.com\/it\/wp-json\/wp\/v2\/product"}],"about":[{"href":"https:\/\/medicallid.com\/it\/wp-json\/wp\/v2\/types\/product"}],"replies":[{"embeddable":true,"href":"https:\/\/medicallid.com\/it\/wp-json\/wp\/v2\/comments?post=409"}],"wp:featuredmedia":[{"embeddable":true,"href":"https:\/\/medicallid.com\/it\/wp-json\/wp\/v2\/media\/6878"}],"wp:attachment":[{"href":"https:\/\/medicallid.com\/it\/wp-json\/wp\/v2\/media?parent=409"}],"wp:term":[{"taxonomy":"product_cat","embeddable":true,"href":"https:\/\/medicallid.com\/it\/wp-json\/wp\/v2\/product_cat?post=409"},{"taxonomy":"product_tag","embeddable":true,"href":"https:\/\/medicallid.com\/it\/wp-json\/wp\/v2\/product_tag?post=409"}],"curies":[{"name":"wp","href":"https:\/\/api.w.org\/{rel}","templated":true}]}}