{"id":7187,"date":"2021-04-14T21:07:16","date_gmt":"2021-04-14T19:07:16","guid":{"rendered":"https:\/\/medicallid.com\/?post_type=product&#038;p=7187"},"modified":"2021-07-07T10:28:37","modified_gmt":"2021-07-07T08:28:37","slug":"inky-tag-a-fun-and-creative-stamp-to-mark-all-your-childrens-clothes-and-accessories","status":"publish","type":"product","link":"https:\/\/medicallid.com\/fr\/produit\/inky-tag-a-fun-and-creative-stamp-to-mark-all-your-childrens-clothes-and-accessories\/","title":{"rendered":"INKY TAG - un tampon amusant et cr\u00e9atif pour marquer tous les v\u00eatements et accessoires de vos enfants"},"content":{"rendered":"<h2><img decoding=\"async\" loading=\"lazy\" class=\"aligncenter size-full wp-image-7192\" src=\"https:\/\/medicallid.com\/wp-content\/uploads\/2021\/04\/INKY-HEADER.jpg\" alt=\"\" width=\"1701\" height=\"935\" srcset=\"https:\/\/medicallid.com\/wp-content\/uploads\/2021\/04\/INKY-HEADER.jpg 1701w, https:\/\/medicallid.com\/wp-content\/uploads\/2021\/04\/INKY-HEADER-300x165.jpg 300w, https:\/\/medicallid.com\/wp-content\/uploads\/2021\/04\/INKY-HEADER-768x422.jpg 768w, https:\/\/medicallid.com\/wp-content\/uploads\/2021\/04\/INKY-HEADER-1024x563.jpg 1024w, https:\/\/medicallid.com\/wp-content\/uploads\/2021\/04\/INKY-HEADER-16x9.jpg 16w, https:\/\/medicallid.com\/wp-content\/uploads\/2021\/04\/INKY-HEADER-500x275.jpg 500w\" sizes=\"(max-width: 1701px) 100vw, 1701px\" \/><\/h2>\n<h2>TIMBRE \"INKY TAG\" - \u00c9TIQUETEZ TOUTES VOS AFFAIRES.<\/h2>\n<p><strong>Ne perdez plus de v\u00eatements ou d'autres objets - marquez-les avec le timbre INKY TAG.<\/strong><\/p>\n<p>INKY TAG est une marque de tampons cr\u00e9atifs pour enfants. Ils te permettent d'exprimer ton style d'une mani\u00e8re unique et en m\u00eame temps d'\u00e9tiqueter tes v\u00eatements, accessoires, fournitures scolaires, livres et cahiers. Gr\u00e2ce \u00e0 INKY TAG, tes affaires seront vraiment \u00e0 toi.<\/p>\n<p><strong>SOLUTION CR\u00c9ATIVE POUR PERDRE DES V\u00caTEMENTS\u00a0<\/strong><\/p>\n<p>Les jeunes enfants perdent souvent leurs v\u00eatements \u00e0 la cr\u00e8che, au jardin d'enfants ou dans la cour de r\u00e9cr\u00e9ation. Ceci est d\u00fb au fait qu'ils sont souvent incapables de les reconna\u00eetre. Gr\u00e2ce au tampon INKY TAG, vous donnez \u00e0 votre enfant la possibilit\u00e9 de cr\u00e9er son propre signe personnalis\u00e9 qui lui permettra de retrouver rapidement ses biens. Le timbre vous permet de mettre n'importe quelles donn\u00e9es sur les v\u00eatements, comme le nom, le pr\u00e9nom, la classe, le num\u00e9ro de t\u00e9l\u00e9phone ou l'e-mail des parents. D\u00e9sormais, tous les v\u00eatements de votre enfant seront faciles \u00e0 reconna\u00eetre ! !!<\/p>\n<p>LOGO POUR VOTRE ENFANT<\/p>\n<p>Chaque enfant choisit son propre badge ou image avec lequel il veut marquer ses affaires. Nous avons cr\u00e9\u00e9 une liste de logos pour les enfants de diff\u00e9rents \u00e2ges - vous les trouverez ci-dessous dans la description. Il suffit de s\u00e9lectionner une image, d'ajouter son nom et son pr\u00e9nom et le tour est jou\u00e9 !<\/p>\n<p><img decoding=\"async\" loading=\"lazy\" class=\"aligncenter size-full wp-image-7195\" src=\"https:\/\/medicallid.com\/wp-content\/uploads\/2021\/04\/Inky-tag-images-toys.jpg\" alt=\"\" width=\"2048\" height=\"1334\" srcset=\"https:\/\/medicallid.com\/wp-content\/uploads\/2021\/04\/Inky-tag-images-toys.jpg 2048w, https:\/\/medicallid.com\/wp-content\/uploads\/2021\/04\/Inky-tag-images-toys-300x195.jpg 300w, https:\/\/medicallid.com\/wp-content\/uploads\/2021\/04\/Inky-tag-images-toys-768x500.jpg 768w, https:\/\/medicallid.com\/wp-content\/uploads\/2021\/04\/Inky-tag-images-toys-1024x667.jpg 1024w, https:\/\/medicallid.com\/wp-content\/uploads\/2021\/04\/Inky-tag-images-toys-16x10.jpg 16w, https:\/\/medicallid.com\/wp-content\/uploads\/2021\/04\/Inky-tag-images-toys-500x326.jpg 500w\" sizes=\"(max-width: 2048px) 100vw, 2048px\" \/><\/p>\n<p><img decoding=\"async\" loading=\"lazy\" class=\"aligncenter size-full wp-image-7194\" src=\"https:\/\/medicallid.com\/wp-content\/uploads\/2021\/04\/Inky-tag-images-superheroes.jpg\" alt=\"\" width=\"2048\" height=\"1440\" srcset=\"https:\/\/medicallid.com\/wp-content\/uploads\/2021\/04\/Inky-tag-images-superheroes.jpg 2048w, https:\/\/medicallid.com\/wp-content\/uploads\/2021\/04\/Inky-tag-images-superheroes-300x211.jpg 300w, https:\/\/medicallid.com\/wp-content\/uploads\/2021\/04\/Inky-tag-images-superheroes-768x540.jpg 768w, https:\/\/medicallid.com\/wp-content\/uploads\/2021\/04\/Inky-tag-images-superheroes-1024x720.jpg 1024w, https:\/\/medicallid.com\/wp-content\/uploads\/2021\/04\/Inky-tag-images-superheroes-16x12.jpg 16w, https:\/\/medicallid.com\/wp-content\/uploads\/2021\/04\/Inky-tag-images-superheroes-500x352.jpg 500w\" sizes=\"(max-width: 2048px) 100vw, 2048px\" \/><\/p>\n<p><img decoding=\"async\" loading=\"lazy\" class=\"aligncenter size-full wp-image-7196\" src=\"https:\/\/medicallid.com\/wp-content\/uploads\/2021\/04\/Inky-tag-images-power.jpg\" alt=\"\" width=\"2048\" height=\"1325\" srcset=\"https:\/\/medicallid.com\/wp-content\/uploads\/2021\/04\/Inky-tag-images-power.jpg 2048w, https:\/\/medicallid.com\/wp-content\/uploads\/2021\/04\/Inky-tag-images-power-300x194.jpg 300w, https:\/\/medicallid.com\/wp-content\/uploads\/2021\/04\/Inky-tag-images-power-768x497.jpg 768w, https:\/\/medicallid.com\/wp-content\/uploads\/2021\/04\/Inky-tag-images-power-1024x663.jpg 1024w, https:\/\/medicallid.com\/wp-content\/uploads\/2021\/04\/Inky-tag-images-power-16x10.jpg 16w, https:\/\/medicallid.com\/wp-content\/uploads\/2021\/04\/Inky-tag-images-power-500x324.jpg 500w\" sizes=\"(max-width: 2048px) 100vw, 2048px\" \/>PR\u00caT \u00c0 L'EMPLOI !<\/p>\n<p>Le tampon INKY TAG est tr\u00e8s facile \u00e0 utiliser : il suffit de le poser sur vos v\u00eatements et d'appuyer sur le tampon pour que la photo s'imprime.<\/p>\n<p>ENCRE SP\u00c9CIALE POUR LES TEXTILES<\/p>\n<p>Le tampon contient une encre sp\u00e9ciale pour les v\u00eatements qui ne s'\u00e9tale pas sur les textiles marqu\u00e9s. En outre, il peut \u00eatre utilis\u00e9 pour marquer des livres et des cahiers, des accessoires et bien d'autres choses encore. Chaque objet marqu\u00e9 devient plus personnel et plus pr\u00e9cieux pour l'enfant.<\/p>\n<p><img decoding=\"async\" loading=\"lazy\" class=\"aligncenter size-full wp-image-7193\" src=\"https:\/\/medicallid.com\/wp-content\/uploads\/2021\/04\/mark.jpg\" alt=\"\" width=\"1377\" height=\"449\" srcset=\"https:\/\/medicallid.com\/wp-content\/uploads\/2021\/04\/mark.jpg 1377w, https:\/\/medicallid.com\/wp-content\/uploads\/2021\/04\/mark-300x98.jpg 300w, https:\/\/medicallid.com\/wp-content\/uploads\/2021\/04\/mark-768x250.jpg 768w, https:\/\/medicallid.com\/wp-content\/uploads\/2021\/04\/mark-1024x334.jpg 1024w, https:\/\/medicallid.com\/wp-content\/uploads\/2021\/04\/mark-16x5.jpg 16w, https:\/\/medicallid.com\/wp-content\/uploads\/2021\/04\/mark-500x163.jpg 500w\" sizes=\"(max-width: 1377px) 100vw, 1377px\" \/>POUR LES V\u00caTEMENTS CLAIRS ET FONC\u00c9S<\/p>\n<p>Pour les v\u00eatements fonc\u00e9s, on utilise un ruban sp\u00e9cial, que l'on presse sur l'int\u00e9rieur du v\u00eatement et le marquage appara\u00eetra sur ce ruban. Le ruban est inclus.<\/p>\n<p>&nbsp;<\/p>\n<p>DE SUPERBES IMAGES POUR DES ENFANTS D'\u00c2GES DIFF\u00c9RENTS<\/p>\n<p>En pensant aux enfants de diff\u00e9rentes tranches d'\u00e2ge, nous avons cr\u00e9\u00e9 une liste d'images qui correspondent aux int\u00e9r\u00eats des enfants.<\/p>","protected":false},"excerpt":{"rendered":"<h4>Le tampon INKY TAG est un tampon sp\u00e9cialement con\u00e7u avec votre propre logo et votre nom. Gr\u00e2ce \u00e0 lui, vous ne perdrez aucun v\u00eatement, que ce soit \u00e0 l'\u00e9cole ou au jardin d'enfants, en colonie de vacances ou lors d'activit\u00e9s sportives. INKY TAG est utilis\u00e9 pour un \u00e9tiquetage durable et tr\u00e8s esth\u00e9tique avec votre nom et votre pr\u00e9nom sur les v\u00eatements, les accessoires ainsi que sur les livres, les cahiers, les sacs \u00e0 dos, les trousses \u00e0 crayons et autres objets qui appartiennent \u00e0 votre enfant. Le tampon est pr\u00eat \u00e0 l'emploi - il n'est pas n\u00e9cessaire de mettre du texte sur la plaque. Des accessoires sp\u00e9ciaux permettent une utilisation universelle : le ruban pour v\u00eatements fonc\u00e9s vous permet de l'utiliser sur des surfaces plus sombres.<\/h4>\n<p>Choisissez votre image, tapez le nom de votre enfant et c'est tout ! Si vous souhaitez ajouter votre num\u00e9ro de t\u00e9l\u00e9phone ou votre adresse \u00e9lectronique sur le timbre, tapez-les \u00e9galement.<\/p>","protected":false},"featured_media":6871,"comment_status":"open","ping_status":"closed","template":"","meta":[],"product_cat":[126,160],"product_tag":[],"_links":{"self":[{"href":"https:\/\/medicallid.com\/fr\/wp-json\/wp\/v2\/product\/7187"}],"collection":[{"href":"https:\/\/medicallid.com\/fr\/wp-json\/wp\/v2\/product"}],"about":[{"href":"https:\/\/medicallid.com\/fr\/wp-json\/wp\/v2\/types\/product"}],"replies":[{"embeddable":true,"href":"https:\/\/medicallid.com\/fr\/wp-json\/wp\/v2\/comments?post=7187"}],"wp:featuredmedia":[{"embeddable":true,"href":"https:\/\/medicallid.com\/fr\/wp-json\/wp\/v2\/media\/6871"}],"wp:attachment":[{"href":"https:\/\/medicallid.com\/fr\/wp-json\/wp\/v2\/media?parent=7187"}],"wp:term":[{"taxonomy":"product_cat","embeddable":true,"href":"https:\/\/medicallid.com\/fr\/wp-json\/wp\/v2\/product_cat?post=7187"},{"taxonomy":"product_tag","embeddable":true,"href":"https:\/\/medicallid.com\/fr\/wp-json\/wp\/v2\/product_tag?post=7187"}],"curies":[{"name":"wp","href":"https:\/\/api.w.org\/{rel}","templated":true}]}}