{"id":409,"date":"2018-08-23T15:27:20","date_gmt":"2018-08-23T13:27:20","guid":{"rendered":"http:\/\/opaski.drwordpress.atthost24.pl\/?post_type=product&#038;p=409"},"modified":"2025-07-17T17:39:19","modified_gmt":"2025-07-17T15:39:19","slug":"safekidwristband","status":"publish","type":"product","link":"https:\/\/medicallid.com\/fr\/produit\/bandeau-de-securite-pour-enfants\/","title":{"rendered":"SafeKid ID - bracelet d'identification gravable en silicone pur pour enfants"},"content":{"rendered":"<div class=\"vc_row wpb_row vc_row-fluid\"><div class=\"wpb_column vc_column_container vc_col-sm-12\"><div class=\"vc_column-inner\"><div class=\"wpb_wrapper\">\n\t<div class=\"wpb_text_column wpb_content_element\" >\n\t\t<div class=\"wpb_wrapper\">\n\t\t\t<p><img decoding=\"async\" loading=\"lazy\" class=\"aligncenter size-full wp-image-1896\" src=\"https:\/\/medicallid.com\/wp-content\/uploads\/2018\/07\/safekid-logo.png\" alt=\"\" width=\"506\" height=\"255\" srcset=\"https:\/\/medicallid.com\/wp-content\/uploads\/2018\/07\/safekid-logo.png 506w, https:\/\/medicallid.com\/wp-content\/uploads\/2018\/07\/safekid-logo-300x151.png 300w, https:\/\/medicallid.com\/wp-content\/uploads\/2018\/07\/safekid-logo-200x101.png 200w, https:\/\/medicallid.com\/wp-content\/uploads\/2018\/07\/safekid-logo-400x202.png 400w, https:\/\/medicallid.com\/wp-content\/uploads\/2018\/07\/safekid-logo-500x252.png 500w\" sizes=\"(max-width: 506px) 100vw, 506px\" \/><\/p>\n<p>Bracelets d'identification SafeKid pour les jeunes d\u00e9couvreurs.<\/p>\n<p><img decoding=\"async\" loading=\"lazy\" class=\"aligncenter size-full wp-image-1897\" src=\"https:\/\/medicallid.com\/wp-content\/uploads\/2018\/07\/safekid1.jpg\" alt=\"\" width=\"1920\" height=\"1000\" \/><\/p>\n<p>Avec le bracelet SafeKid ID vous avez 4 lignes de texte \u00e0 votre disposition. Veuillez noter que plus il y a de caract\u00e8res, plus la police est petite.<\/p>\n<p><strong>Quelles donn\u00e9es pouvez-vous graver ?<\/strong><\/p>\n<ul>\n<li>un ou deux num\u00e9ros de t\u00e9l\u00e9phone, par exemple MUM : 555 555 5555 DAD 777 777 7777<\/li>\n<li>le nom de votre enfant \/ son groupe sanguin \/ des informations m\u00e9dicales telles que l'asthme, les allergies, l'autisme, le diab\u00e8te, etc.<\/li>\n<\/ul>\n<p>&nbsp;<\/p>\n<p><img decoding=\"async\" loading=\"lazy\" class=\"aligncenter size-full wp-image-7955\" src=\"https:\/\/niezgubki.pl\/wp-content\/uploads\/2020\/09\/Back-to-school_najnowsza-RGB.jpg\" sizes=\"(max-width: 2048px) 100vw, 2048px\" srcset=\"https:\/\/niezgubki.pl\/wp-content\/uploads\/2020\/09\/Back-to-school_najnowsza-RGB.jpg 2048w, https:\/\/niezgubki.pl\/wp-content\/uploads\/2020\/09\/Back-to-school_najnowsza-RGB-300x212.jpg 300w, https:\/\/niezgubki.pl\/wp-content\/uploads\/2020\/09\/Back-to-school_najnowsza-RGB-768x543.jpg 768w, https:\/\/niezgubki.pl\/wp-content\/uploads\/2020\/09\/Back-to-school_najnowsza-RGB-1024x724.jpg 1024w, https:\/\/niezgubki.pl\/wp-content\/uploads\/2020\/09\/Back-to-school_najnowsza-RGB-500x353.jpg 500w\" alt=\"ORYGINALNE NIEZGUBKI ICE - RENTR\u00c9E DES CLASSES 2020\" width=\"2048\" height=\"1448\" \/><\/p>\n\n\t\t<\/div>\n\t<\/div>\n<\/div><\/div><\/div><\/div>","protected":false},"excerpt":{"rendered":"<h2><strong>Bracelets d'identification originaux SafeKid<\/strong><\/h2>\n<p>Les coordonn\u00e9es et les donn\u00e9es m\u00e9dicales les plus importantes au poignet de votre enfant.<\/p>\n<p>Tailles disponibles :<\/p>\n<p>XXS \/ Mini (14 cm)<\/p>\n<p>XS \/ Pr\u00e9scolaire (15 cm)<\/p>\n<p>S \/ Junior (16,5 cm )<\/p>\n<p>Veillez \u00e0 mesurer le poignet de votre enfant avant de passer commande. Consid\u00e9rez \u00e9galement que le bracelet doit \u00eatre plus grand d'environ 1 cm afin qu'il ne soit pas trop serr\u00e9.<\/p>\n<p>Vous trouverez ci-dessous un formulaire dans lequel vous devrez taper les informations que vous souhaitez que nous gravions au laser.<\/p>","protected":false},"featured_media":6878,"comment_status":"closed","ping_status":"closed","template":"","meta":[],"product_cat":[160,32],"product_tag":[155],"_links":{"self":[{"href":"https:\/\/medicallid.com\/fr\/wp-json\/wp\/v2\/product\/409"}],"collection":[{"href":"https:\/\/medicallid.com\/fr\/wp-json\/wp\/v2\/product"}],"about":[{"href":"https:\/\/medicallid.com\/fr\/wp-json\/wp\/v2\/types\/product"}],"replies":[{"embeddable":true,"href":"https:\/\/medicallid.com\/fr\/wp-json\/wp\/v2\/comments?post=409"}],"wp:featuredmedia":[{"embeddable":true,"href":"https:\/\/medicallid.com\/fr\/wp-json\/wp\/v2\/media\/6878"}],"wp:attachment":[{"href":"https:\/\/medicallid.com\/fr\/wp-json\/wp\/v2\/media?parent=409"}],"wp:term":[{"taxonomy":"product_cat","embeddable":true,"href":"https:\/\/medicallid.com\/fr\/wp-json\/wp\/v2\/product_cat?post=409"},{"taxonomy":"product_tag","embeddable":true,"href":"https:\/\/medicallid.com\/fr\/wp-json\/wp\/v2\/product_tag?post=409"}],"curies":[{"name":"wp","href":"https:\/\/api.w.org\/{rel}","templated":true}]}}