{"id":7187,"date":"2021-04-14T21:07:16","date_gmt":"2021-04-14T19:07:16","guid":{"rendered":"https:\/\/medicallid.com\/?post_type=product&#038;p=7187"},"modified":"2021-07-07T10:28:37","modified_gmt":"2021-07-07T08:28:37","slug":"inky-tag-a-fun-and-creative-stamp-to-mark-all-your-childrens-clothes-and-accessories","status":"publish","type":"product","link":"https:\/\/medicallid.com\/es\/producto\/inky-tag-a-fun-and-creative-stamp-to-mark-all-your-childrens-clothes-and-accessories\/","title":{"rendered":"INKY TAG - un sello divertido y creativo para marcar toda la ropa y accesorios de tus hijos"},"content":{"rendered":"<h2><img decoding=\"async\" loading=\"lazy\" class=\"aligncenter size-full wp-image-7192\" src=\"https:\/\/medicallid.com\/wp-content\/uploads\/2021\/04\/INKY-HEADER.jpg\" alt=\"\" width=\"1701\" height=\"935\" srcset=\"https:\/\/medicallid.com\/wp-content\/uploads\/2021\/04\/INKY-HEADER.jpg 1701w, https:\/\/medicallid.com\/wp-content\/uploads\/2021\/04\/INKY-HEADER-300x165.jpg 300w, https:\/\/medicallid.com\/wp-content\/uploads\/2021\/04\/INKY-HEADER-768x422.jpg 768w, https:\/\/medicallid.com\/wp-content\/uploads\/2021\/04\/INKY-HEADER-1024x563.jpg 1024w, https:\/\/medicallid.com\/wp-content\/uploads\/2021\/04\/INKY-HEADER-16x9.jpg 16w, https:\/\/medicallid.com\/wp-content\/uploads\/2021\/04\/INKY-HEADER-500x275.jpg 500w\" sizes=\"(max-width: 1701px) 100vw, 1701px\" \/><\/h2>\n<h2>SELLO INKY TAG - ETIQUETA TODAS TUS COSAS.<\/h2>\n<p><strong>No pierdas m\u00e1s ropa u otras cosas: m\u00e1rcalas con el Sello INKY TAG.<\/strong><\/p>\n<p>INKY TAG es una marca de sellos creativos para ni\u00f1os. Te permiten expresar tu estilo de forma \u00fanica y al mismo tiempo etiquetar tu ropa, accesorios, material escolar, libros y cuadernos. Gracias a INKY TAG, tus cosas ser\u00e1n realmente tuyas.<\/p>\n<p><strong>SOLUCI\u00d3N CREATIVA PARA PERDER LA ROPA\u00a0<\/strong><\/p>\n<p>Los ni\u00f1os peque\u00f1os suelen perder su ropa en la guarder\u00eda, en el jard\u00edn de infancia o en el patio de recreo. Esto se debe a que a menudo son incapaces de reconocerlas. Gracias al sello INKY TAG, usted le da a su hijo la oportunidad de crear su propio cartel personalizado que le permita encontrar r\u00e1pidamente sus pertenencias. El sello permite poner cualquier dato en la ropa, como el nombre, el apellido, la clase, el tel\u00e9fono de los padres o el correo electr\u00f3nico. \u00a1\u00a1A partir de ahora, toda la ropa de tu hijo ser\u00e1 f\u00e1cil de reconocer!!<\/p>\n<p>LOGO PARA SU HIJO<\/p>\n<p>Cada ni\u00f1o elige su propia insignia o imagen con la que quiere marcar sus pertenencias. Hemos creado una lista de insignias para ni\u00f1os de diferentes edades: las encontrar\u00e1s m\u00e1s abajo en la descripci\u00f3n. S\u00f3lo tienes que seleccionar una imagen, a\u00f1adir tu nombre y apellidos y \u00a1ya est\u00e1!<\/p>\n<p><img decoding=\"async\" loading=\"lazy\" class=\"aligncenter size-full wp-image-7195\" src=\"https:\/\/medicallid.com\/wp-content\/uploads\/2021\/04\/Inky-tag-images-toys.jpg\" alt=\"\" width=\"2048\" height=\"1334\" srcset=\"https:\/\/medicallid.com\/wp-content\/uploads\/2021\/04\/Inky-tag-images-toys.jpg 2048w, https:\/\/medicallid.com\/wp-content\/uploads\/2021\/04\/Inky-tag-images-toys-300x195.jpg 300w, https:\/\/medicallid.com\/wp-content\/uploads\/2021\/04\/Inky-tag-images-toys-768x500.jpg 768w, https:\/\/medicallid.com\/wp-content\/uploads\/2021\/04\/Inky-tag-images-toys-1024x667.jpg 1024w, https:\/\/medicallid.com\/wp-content\/uploads\/2021\/04\/Inky-tag-images-toys-16x10.jpg 16w, https:\/\/medicallid.com\/wp-content\/uploads\/2021\/04\/Inky-tag-images-toys-500x326.jpg 500w\" sizes=\"(max-width: 2048px) 100vw, 2048px\" \/><\/p>\n<p><img decoding=\"async\" loading=\"lazy\" class=\"aligncenter size-full wp-image-7194\" src=\"https:\/\/medicallid.com\/wp-content\/uploads\/2021\/04\/Inky-tag-images-superheroes.jpg\" alt=\"\" width=\"2048\" height=\"1440\" srcset=\"https:\/\/medicallid.com\/wp-content\/uploads\/2021\/04\/Inky-tag-images-superheroes.jpg 2048w, https:\/\/medicallid.com\/wp-content\/uploads\/2021\/04\/Inky-tag-images-superheroes-300x211.jpg 300w, https:\/\/medicallid.com\/wp-content\/uploads\/2021\/04\/Inky-tag-images-superheroes-768x540.jpg 768w, https:\/\/medicallid.com\/wp-content\/uploads\/2021\/04\/Inky-tag-images-superheroes-1024x720.jpg 1024w, https:\/\/medicallid.com\/wp-content\/uploads\/2021\/04\/Inky-tag-images-superheroes-16x12.jpg 16w, https:\/\/medicallid.com\/wp-content\/uploads\/2021\/04\/Inky-tag-images-superheroes-500x352.jpg 500w\" sizes=\"(max-width: 2048px) 100vw, 2048px\" \/><\/p>\n<p><img decoding=\"async\" loading=\"lazy\" class=\"aligncenter size-full wp-image-7196\" src=\"https:\/\/medicallid.com\/wp-content\/uploads\/2021\/04\/Inky-tag-images-power.jpg\" alt=\"\" width=\"2048\" height=\"1325\" srcset=\"https:\/\/medicallid.com\/wp-content\/uploads\/2021\/04\/Inky-tag-images-power.jpg 2048w, https:\/\/medicallid.com\/wp-content\/uploads\/2021\/04\/Inky-tag-images-power-300x194.jpg 300w, https:\/\/medicallid.com\/wp-content\/uploads\/2021\/04\/Inky-tag-images-power-768x497.jpg 768w, https:\/\/medicallid.com\/wp-content\/uploads\/2021\/04\/Inky-tag-images-power-1024x663.jpg 1024w, https:\/\/medicallid.com\/wp-content\/uploads\/2021\/04\/Inky-tag-images-power-16x10.jpg 16w, https:\/\/medicallid.com\/wp-content\/uploads\/2021\/04\/Inky-tag-images-power-500x324.jpg 500w\" sizes=\"(max-width: 2048px) 100vw, 2048px\" \/>\u00a1LISTA PARA USAR!<\/p>\n<p>El sello INKY TAG es muy f\u00e1cil de usar: basta con ponerlo en la ropa y presionar el sello para que se imprima la imagen.<\/p>\n<p>TINTA ESPECIAL PARA TEXTILES<\/p>\n<p>El sello contiene una tinta especial para la ropa que no mancha los tejidos marcados. Adem\u00e1s, puede utilizarse para marcar libros y cuadernos, accesorios y mucho m\u00e1s. Cada art\u00edculo marcado se convierte en algo m\u00e1s personal y valioso para el ni\u00f1o.<\/p>\n<p><img decoding=\"async\" loading=\"lazy\" class=\"aligncenter size-full wp-image-7193\" src=\"https:\/\/medicallid.com\/wp-content\/uploads\/2021\/04\/mark.jpg\" alt=\"\" width=\"1377\" height=\"449\" srcset=\"https:\/\/medicallid.com\/wp-content\/uploads\/2021\/04\/mark.jpg 1377w, https:\/\/medicallid.com\/wp-content\/uploads\/2021\/04\/mark-300x98.jpg 300w, https:\/\/medicallid.com\/wp-content\/uploads\/2021\/04\/mark-768x250.jpg 768w, https:\/\/medicallid.com\/wp-content\/uploads\/2021\/04\/mark-1024x334.jpg 1024w, https:\/\/medicallid.com\/wp-content\/uploads\/2021\/04\/mark-16x5.jpg 16w, https:\/\/medicallid.com\/wp-content\/uploads\/2021\/04\/mark-500x163.jpg 500w\" sizes=\"(max-width: 1377px) 100vw, 1377px\" \/>PARA ROPA CLARA Y OSCURA<\/p>\n<p>Para la ropa oscura, se utiliza una cinta especial, que se presiona en el interior de la ropa y la marca aparecer\u00e1 en esta cinta. La cinta est\u00e1 incluida.<\/p>\n<p>&nbsp;<\/p>\n<p>S\u00daPER FOTOS PARA NI\u00d1OS DE DIFERENTES EDADES<\/p>\n<p>Pensando en los ni\u00f1os de diferentes edades, hemos creado una lista de im\u00e1genes que se adaptan a los intereses de los ni\u00f1os.<\/p>","protected":false},"excerpt":{"rendered":"<h4>El sello INKY TAG es un sello especialmente dise\u00f1ado con su propio logotipo y nombre. Gracias a \u00e9l no se perder\u00e1 ninguna prenda, ya sea en el colegio o en la guarder\u00eda, en los campamentos de verano o durante las actividades deportivas. INKY TAG se utiliza para un etiquetado duradero y muy est\u00e9tico con su nombre y apellido en la ropa, los accesorios, as\u00ed como en los libros, cuadernos, mochilas, estuches de l\u00e1pices y otras cosas que pertenecen a su hijo. El sello est\u00e1 listo para su uso - no es necesario poner el texto en la placa. Los accesorios especiales permiten un uso universal: la cinta para ropa oscura permite utilizarlo en superficies m\u00e1s oscuras.<\/h4>\n<p>Elija su imagen, escriba el nombre de su hijo y ya est\u00e1. Si desea a\u00f1adir su n\u00famero de tel\u00e9fono o direcci\u00f3n de correo electr\u00f3nico en el sello, escr\u00edbalo tambi\u00e9n.<\/p>","protected":false},"featured_media":6871,"comment_status":"open","ping_status":"closed","template":"","meta":[],"product_cat":[126,160],"product_tag":[],"_links":{"self":[{"href":"https:\/\/medicallid.com\/es\/wp-json\/wp\/v2\/product\/7187"}],"collection":[{"href":"https:\/\/medicallid.com\/es\/wp-json\/wp\/v2\/product"}],"about":[{"href":"https:\/\/medicallid.com\/es\/wp-json\/wp\/v2\/types\/product"}],"replies":[{"embeddable":true,"href":"https:\/\/medicallid.com\/es\/wp-json\/wp\/v2\/comments?post=7187"}],"wp:featuredmedia":[{"embeddable":true,"href":"https:\/\/medicallid.com\/es\/wp-json\/wp\/v2\/media\/6871"}],"wp:attachment":[{"href":"https:\/\/medicallid.com\/es\/wp-json\/wp\/v2\/media?parent=7187"}],"wp:term":[{"taxonomy":"product_cat","embeddable":true,"href":"https:\/\/medicallid.com\/es\/wp-json\/wp\/v2\/product_cat?post=7187"},{"taxonomy":"product_tag","embeddable":true,"href":"https:\/\/medicallid.com\/es\/wp-json\/wp\/v2\/product_tag?post=7187"}],"curies":[{"name":"wp","href":"https:\/\/api.w.org\/{rel}","templated":true}]}}