{"id":409,"date":"2018-08-23T15:27:20","date_gmt":"2018-08-23T13:27:20","guid":{"rendered":"http:\/\/opaski.drwordpress.atthost24.pl\/?post_type=product&#038;p=409"},"modified":"2025-07-17T17:39:19","modified_gmt":"2025-07-17T15:39:19","slug":"safekidwristband","status":"publish","type":"product","link":"https:\/\/medicallid.com\/es\/producto\/pulsera-safekidwristband\/","title":{"rendered":"SafeKid ID - pulsera de identificaci\u00f3n grabable de silicona pura para ni\u00f1os"},"content":{"rendered":"<div class=\"vc_row wpb_row vc_row-fluid\"><div class=\"wpb_column vc_column_container vc_col-sm-12\"><div class=\"vc_column-inner\"><div class=\"wpb_wrapper\">\n\t<div class=\"wpb_text_column wpb_content_element\" >\n\t\t<div class=\"wpb_wrapper\">\n\t\t\t<p><img decoding=\"async\" loading=\"lazy\" class=\"aligncenter size-full wp-image-1896\" src=\"https:\/\/medicallid.com\/wp-content\/uploads\/2018\/07\/safekid-logo.png\" alt=\"\" width=\"506\" height=\"255\" srcset=\"https:\/\/medicallid.com\/wp-content\/uploads\/2018\/07\/safekid-logo.png 506w, https:\/\/medicallid.com\/wp-content\/uploads\/2018\/07\/safekid-logo-300x151.png 300w, https:\/\/medicallid.com\/wp-content\/uploads\/2018\/07\/safekid-logo-200x101.png 200w, https:\/\/medicallid.com\/wp-content\/uploads\/2018\/07\/safekid-logo-400x202.png 400w, https:\/\/medicallid.com\/wp-content\/uploads\/2018\/07\/safekid-logo-500x252.png 500w\" sizes=\"(max-width: 506px) 100vw, 506px\" \/><\/p>\n<p>Pulseras de identificaci\u00f3n SafeKid para j\u00f3venes descubridores.<\/p>\n<p><img decoding=\"async\" loading=\"lazy\" class=\"aligncenter size-full wp-image-1897\" src=\"https:\/\/medicallid.com\/wp-content\/uploads\/2018\/07\/safekid1.jpg\" alt=\"\" width=\"1920\" height=\"1000\" \/><\/p>\n<p>Con el brazalete SafeKid ID tienes 4 l\u00edneas de texto a tu disposici\u00f3n. Ten en cuenta que cuantos m\u00e1s caracteres, m\u00e1s peque\u00f1a es la fuente.<\/p>\n<p><strong>\u00bfQu\u00e9 datos puede grabar?<\/strong><\/p>\n<ul>\n<li>uno o dos n\u00fameros de tel\u00e9fono, por ejemplo MUM: 555 555 5555 DAD 777 777 7777<\/li>\n<li>el nombre de su hijo \/ el tipo de sangre \/ informaci\u00f3n m\u00e9dica como asma, alergia, autismo, diabetes, etc.<\/li>\n<\/ul>\n<p>&nbsp;<\/p>\n<p><img decoding=\"async\" loading=\"lazy\" class=\"aligncenter size-full wp-image-7955\" src=\"https:\/\/niezgubki.pl\/wp-content\/uploads\/2020\/09\/Back-to-school_najnowsza-RGB.jpg\" sizes=\"(max-width: 2048px) 100vw, 2048px\" srcset=\"https:\/\/niezgubki.pl\/wp-content\/uploads\/2020\/09\/Back-to-school_najnowsza-RGB.jpg 2048w, https:\/\/niezgubki.pl\/wp-content\/uploads\/2020\/09\/Back-to-school_najnowsza-RGB-300x212.jpg 300w, https:\/\/niezgubki.pl\/wp-content\/uploads\/2020\/09\/Back-to-school_najnowsza-RGB-768x543.jpg 768w, https:\/\/niezgubki.pl\/wp-content\/uploads\/2020\/09\/Back-to-school_najnowsza-RGB-1024x724.jpg 1024w, https:\/\/niezgubki.pl\/wp-content\/uploads\/2020\/09\/Back-to-school_najnowsza-RGB-500x353.jpg 500w\" alt=\"ORYGINALNE NIEZGUBKI ICE - VUELTA AL COLE 2020\" width=\"2048\" height=\"1448\" \/><\/p>\n\n\t\t<\/div>\n\t<\/div>\n<\/div><\/div><\/div><\/div>","protected":false},"excerpt":{"rendered":"<h2><strong>Pulseras identificativas originales SafeKid<\/strong><\/h2>\n<p>Los datos m\u00e9dicos y de contacto m\u00e1s importantes en la mu\u00f1eca de tu hijo.<\/p>\n<p>Tallas disponibles:<\/p>\n<p>XXS \/ Mini (14 cm)<\/p>\n<p>XS \/ Preescolar (15 cm)<\/p>\n<p>S \/ Junior (16,5 cm )<\/p>\n<p>Por favor, aseg\u00farese de medir la mu\u00f1eca de su hijo antes de hacer el pedido. Considere tambi\u00e9n que la mu\u00f1equera debe ser aproximadamente 1 cm m\u00e1s grande para que no quede demasiado apretada.<\/p>\n<p>A continuaci\u00f3n encontrar\u00e1 un formulario en el que deber\u00e1 introducir la informaci\u00f3n que desea que grabemos con l\u00e1ser.<\/p>","protected":false},"featured_media":6878,"comment_status":"closed","ping_status":"closed","template":"","meta":[],"product_cat":[160,32],"product_tag":[155],"_links":{"self":[{"href":"https:\/\/medicallid.com\/es\/wp-json\/wp\/v2\/product\/409"}],"collection":[{"href":"https:\/\/medicallid.com\/es\/wp-json\/wp\/v2\/product"}],"about":[{"href":"https:\/\/medicallid.com\/es\/wp-json\/wp\/v2\/types\/product"}],"replies":[{"embeddable":true,"href":"https:\/\/medicallid.com\/es\/wp-json\/wp\/v2\/comments?post=409"}],"wp:featuredmedia":[{"embeddable":true,"href":"https:\/\/medicallid.com\/es\/wp-json\/wp\/v2\/media\/6878"}],"wp:attachment":[{"href":"https:\/\/medicallid.com\/es\/wp-json\/wp\/v2\/media?parent=409"}],"wp:term":[{"taxonomy":"product_cat","embeddable":true,"href":"https:\/\/medicallid.com\/es\/wp-json\/wp\/v2\/product_cat?post=409"},{"taxonomy":"product_tag","embeddable":true,"href":"https:\/\/medicallid.com\/es\/wp-json\/wp\/v2\/product_tag?post=409"}],"curies":[{"name":"wp","href":"https:\/\/api.w.org\/{rel}","templated":true}]}}