{"id":7187,"date":"2021-04-14T21:07:16","date_gmt":"2021-04-14T19:07:16","guid":{"rendered":"https:\/\/medicallid.com\/?post_type=product&#038;p=7187"},"modified":"2021-07-07T10:28:37","modified_gmt":"2021-07-07T08:28:37","slug":"inky-tag-a-fun-and-creative-stamp-to-mark-all-your-childrens-clothes-and-accessories","status":"publish","type":"product","link":"https:\/\/medicallid.com\/de\/produkt\/inky-tag-a-fun-and-creative-stamp-to-mark-all-your-childrens-clothes-and-accessories\/","title":{"rendered":"INKY TAG - ein lustiger und kreativer Stempel zum Kennzeichnen aller Kleidungsst\u00fccke und Accessoires Ihrer Kinder"},"content":{"rendered":"<h2><img decoding=\"async\" loading=\"lazy\" class=\"aligncenter size-full wp-image-7192\" src=\"https:\/\/medicallid.com\/wp-content\/uploads\/2021\/04\/INKY-HEADER.jpg\" alt=\"\" width=\"1701\" height=\"935\" srcset=\"https:\/\/medicallid.com\/wp-content\/uploads\/2021\/04\/INKY-HEADER.jpg 1701w, https:\/\/medicallid.com\/wp-content\/uploads\/2021\/04\/INKY-HEADER-300x165.jpg 300w, https:\/\/medicallid.com\/wp-content\/uploads\/2021\/04\/INKY-HEADER-768x422.jpg 768w, https:\/\/medicallid.com\/wp-content\/uploads\/2021\/04\/INKY-HEADER-1024x563.jpg 1024w, https:\/\/medicallid.com\/wp-content\/uploads\/2021\/04\/INKY-HEADER-16x9.jpg 16w, https:\/\/medicallid.com\/wp-content\/uploads\/2021\/04\/INKY-HEADER-500x275.jpg 500w\" sizes=\"(max-width: 1701px) 100vw, 1701px\" \/><\/h2>\n<h2>INKY TAG STAMP - TAG ALL YOUR THINGS.<\/h2>\n<p><strong>Verlieren Sie keine Kleidung oder andere Dinge mehr - markieren Sie sie mit dem INKY TAG Stempel.<\/strong><\/p>\n<p>INKY TAG sind eine Marke von kreativen Stempeln f\u00fcr Kinder. Sie erm\u00f6glichen es Ihnen, Ihren Stil auf einzigartige Weise auszudr\u00fccken und gleichzeitig Ihre Kleidung, Accessoires, Schulsachen, B\u00fccher und Hefte zu beschriften. Dank INKY TAG werden Ihre Sachen wirklich Ihre sein.<\/p>\n<p><strong>KREATIVE L\u00d6SUNG F\u00dcR VERLORENE KLEIDUNG\u00a0<\/strong><\/p>\n<p>Kleine Kinder verlieren oft ihre Kleidung in der Krippe, im Kindergarten oder auf dem Spielplatz. Das liegt daran, dass sie sie oft nicht wiedererkennen k\u00f6nnen. Dank des Stempels INKY TAG geben Sie Ihrem Kind die M\u00f6glichkeit, ein eigenes personalisiertes Zeichen zu erstellen, mit dem es sein Eigentum schnell wiederfinden kann. Der Stempel erm\u00f6glicht es Ihnen, beliebige Daten auf die Kleidung zu schreiben, wie z.B. Name, Nachname, Klasse, Telefonnummer oder E-Mail der Eltern. Von nun an werden alle Kleidungsst\u00fccke Ihres Kindes leicht zu erkennen sein !!!<\/p>\n<p>LOGO F\u00dcR IHR KIND<\/p>\n<p>Jedes Kind w\u00e4hlt sein eigenes Abzeichen oder Bild, mit dem es seine Sachen kennzeichnen m\u00f6chte. Wir haben eine Liste von Logos f\u00fcr Kinder unterschiedlichen Alters erstellt - sie sind unten in der Beschreibung zu finden. W\u00e4hlen Sie einfach ein Bild aus, f\u00fcgen Sie Ihren Namen und Nachnamen hinzu und das war's!<\/p>\n<p><img decoding=\"async\" loading=\"lazy\" class=\"aligncenter size-full wp-image-7195\" src=\"https:\/\/medicallid.com\/wp-content\/uploads\/2021\/04\/Inky-tag-images-toys.jpg\" alt=\"\" width=\"2048\" height=\"1334\" srcset=\"https:\/\/medicallid.com\/wp-content\/uploads\/2021\/04\/Inky-tag-images-toys.jpg 2048w, https:\/\/medicallid.com\/wp-content\/uploads\/2021\/04\/Inky-tag-images-toys-300x195.jpg 300w, https:\/\/medicallid.com\/wp-content\/uploads\/2021\/04\/Inky-tag-images-toys-768x500.jpg 768w, https:\/\/medicallid.com\/wp-content\/uploads\/2021\/04\/Inky-tag-images-toys-1024x667.jpg 1024w, https:\/\/medicallid.com\/wp-content\/uploads\/2021\/04\/Inky-tag-images-toys-16x10.jpg 16w, https:\/\/medicallid.com\/wp-content\/uploads\/2021\/04\/Inky-tag-images-toys-500x326.jpg 500w\" sizes=\"(max-width: 2048px) 100vw, 2048px\" \/><\/p>\n<p><img decoding=\"async\" loading=\"lazy\" class=\"aligncenter size-full wp-image-7194\" src=\"https:\/\/medicallid.com\/wp-content\/uploads\/2021\/04\/Inky-tag-images-superheroes.jpg\" alt=\"\" width=\"2048\" height=\"1440\" srcset=\"https:\/\/medicallid.com\/wp-content\/uploads\/2021\/04\/Inky-tag-images-superheroes.jpg 2048w, https:\/\/medicallid.com\/wp-content\/uploads\/2021\/04\/Inky-tag-images-superheroes-300x211.jpg 300w, https:\/\/medicallid.com\/wp-content\/uploads\/2021\/04\/Inky-tag-images-superheroes-768x540.jpg 768w, https:\/\/medicallid.com\/wp-content\/uploads\/2021\/04\/Inky-tag-images-superheroes-1024x720.jpg 1024w, https:\/\/medicallid.com\/wp-content\/uploads\/2021\/04\/Inky-tag-images-superheroes-16x12.jpg 16w, https:\/\/medicallid.com\/wp-content\/uploads\/2021\/04\/Inky-tag-images-superheroes-500x352.jpg 500w\" sizes=\"(max-width: 2048px) 100vw, 2048px\" \/><\/p>\n<p><img decoding=\"async\" loading=\"lazy\" class=\"aligncenter size-full wp-image-7196\" src=\"https:\/\/medicallid.com\/wp-content\/uploads\/2021\/04\/Inky-tag-images-power.jpg\" alt=\"\" width=\"2048\" height=\"1325\" srcset=\"https:\/\/medicallid.com\/wp-content\/uploads\/2021\/04\/Inky-tag-images-power.jpg 2048w, https:\/\/medicallid.com\/wp-content\/uploads\/2021\/04\/Inky-tag-images-power-300x194.jpg 300w, https:\/\/medicallid.com\/wp-content\/uploads\/2021\/04\/Inky-tag-images-power-768x497.jpg 768w, https:\/\/medicallid.com\/wp-content\/uploads\/2021\/04\/Inky-tag-images-power-1024x663.jpg 1024w, https:\/\/medicallid.com\/wp-content\/uploads\/2021\/04\/Inky-tag-images-power-16x10.jpg 16w, https:\/\/medicallid.com\/wp-content\/uploads\/2021\/04\/Inky-tag-images-power-500x324.jpg 500w\" sizes=\"(max-width: 2048px) 100vw, 2048px\" \/>BEREIT ZUM EINSATZ!<\/p>\n<p>Der INKY TAG-Stempel ist sehr einfach zu bedienen: einfach auf die Kleidung legen und den Stempel dr\u00fccken und schon wird das Bild gedruckt.<\/p>\n<p>SPEZIALTINTE F\u00dcR TEXTILIEN<\/p>\n<p>Der Stempel enth\u00e4lt eine spezielle Tinte f\u00fcr Kleidung, die nicht auf den markierten Textilien verschmiert. Au\u00dferdem kann er zum Markieren von B\u00fcchern und Heften, Accessoires und mehr verwendet werden. Jeder markierte Gegenstand wird f\u00fcr das Kind pers\u00f6nlicher und wertvoller.<\/p>\n<p><img decoding=\"async\" loading=\"lazy\" class=\"aligncenter size-full wp-image-7193\" src=\"https:\/\/medicallid.com\/wp-content\/uploads\/2021\/04\/mark.jpg\" alt=\"\" width=\"1377\" height=\"449\" srcset=\"https:\/\/medicallid.com\/wp-content\/uploads\/2021\/04\/mark.jpg 1377w, https:\/\/medicallid.com\/wp-content\/uploads\/2021\/04\/mark-300x98.jpg 300w, https:\/\/medicallid.com\/wp-content\/uploads\/2021\/04\/mark-768x250.jpg 768w, https:\/\/medicallid.com\/wp-content\/uploads\/2021\/04\/mark-1024x334.jpg 1024w, https:\/\/medicallid.com\/wp-content\/uploads\/2021\/04\/mark-16x5.jpg 16w, https:\/\/medicallid.com\/wp-content\/uploads\/2021\/04\/mark-500x163.jpg 500w\" sizes=\"(max-width: 1377px) 100vw, 1377px\" \/>F\u00dcR HELLE UND DUNKLE KLEIDUNG<\/p>\n<p>F\u00fcr dunkle Kleidung wird ein spezielles Band verwendet, das auf die Innenseite der Kleidung gedr\u00fcckt wird und auf dem die Markierung erscheint. Das Band ist im Lieferumfang enthalten.<\/p>\n<p>&nbsp;<\/p>\n<p>SUPER-BILDER F\u00dcR KINDER VERSCHIEDENER ALTERSSTUFEN<\/p>\n<p>Mit Blick auf Kinder in verschiedenen Altersgruppen haben wir eine Liste mit Bildern erstellt, die den Interessen der Kinder entsprechen.<\/p>","protected":false},"excerpt":{"rendered":"<h4>Der INKY TAG-Stempel ist ein speziell entworfener Stempel mit Ihrem eigenen Logo und Namen. Dank ihm werden Sie keine Kleidung verlieren, sei es in der Schule oder im Kindergarten, im Sommerlager oder bei sportlichen Aktivit\u00e4ten. INKY TAG dient zur dauerhaften und sehr \u00e4sthetischen Beschriftung mit Ihrem Namen und Nachnamen auf Kleidung, Accessoires sowie B\u00fcchern, Heften, Rucks\u00e4cken, Federmappen und anderen Dingen, die Ihrem Kind geh\u00f6ren. Der Stempel ist sofort einsatzbereit - es ist nicht n\u00f6tig, Text auf die Platte zu schreiben. Spezielles Zubeh\u00f6r erm\u00f6glicht einen universellen Einsatz: das Band f\u00fcr dunkle Kleidung erm\u00f6glicht die Verwendung auf dunkleren Oberfl\u00e4chen.<\/h4>\n<p>W\u00e4hlen Sie Ihr Bild, geben Sie den Namen Ihres Kindes ein und das war's! Wenn Sie Ihre Telefonnummer oder E-Mail-Adresse auf dem Stempel hinzuf\u00fcgen m\u00f6chten - tippen Sie diese bitte auch ein.<\/p>","protected":false},"featured_media":6871,"comment_status":"open","ping_status":"closed","template":"","meta":[],"product_cat":[126,160],"product_tag":[],"_links":{"self":[{"href":"https:\/\/medicallid.com\/de\/wp-json\/wp\/v2\/product\/7187"}],"collection":[{"href":"https:\/\/medicallid.com\/de\/wp-json\/wp\/v2\/product"}],"about":[{"href":"https:\/\/medicallid.com\/de\/wp-json\/wp\/v2\/types\/product"}],"replies":[{"embeddable":true,"href":"https:\/\/medicallid.com\/de\/wp-json\/wp\/v2\/comments?post=7187"}],"wp:featuredmedia":[{"embeddable":true,"href":"https:\/\/medicallid.com\/de\/wp-json\/wp\/v2\/media\/6871"}],"wp:attachment":[{"href":"https:\/\/medicallid.com\/de\/wp-json\/wp\/v2\/media?parent=7187"}],"wp:term":[{"taxonomy":"product_cat","embeddable":true,"href":"https:\/\/medicallid.com\/de\/wp-json\/wp\/v2\/product_cat?post=7187"},{"taxonomy":"product_tag","embeddable":true,"href":"https:\/\/medicallid.com\/de\/wp-json\/wp\/v2\/product_tag?post=7187"}],"curies":[{"name":"wp","href":"https:\/\/api.w.org\/{rel}","templated":true}]}}